{"id":27,"date":"2023-08-09T15:06:26","date_gmt":"2023-08-09T13:06:26","guid":{"rendered":"http:\/\/lescheminsdetoto.fr\/?page_id=27"},"modified":"2025-02-08T17:03:31","modified_gmt":"2025-02-08T16:03:31","slug":"accueil","status":"publish","type":"page","link":"https:\/\/lescheminsdetoto.fr\/","title":{"rendered":""},"content":{"rendered":"\n<div class=\"wp-block-group alignfull has-nv-text-dark-bg-color has-text-color has-background\" style=\"background-color:#4a4a4a\"><div class=\"wp-block-group__inner-container is-layout-flow wp-block-group-is-layout-flow\">\n<div style=\"height:70px\" aria-hidden=\"true\" class=\"wp-block-spacer\"><\/div>\n\n\n\n<div class=\"wp-block-columns alignwide are-vertically-aligned-center is-layout-flex wp-container-core-columns-is-layout-9d6595d7 wp-block-columns-is-layout-flex\">\n<div class=\"wp-block-column is-layout-flow wp-block-column-is-layout-flow\" style=\"flex-basis:50%\">\n<p class=\"has-neve-text-color-color has-text-color\" style=\"font-size:30px;line-height:1.1\"><strong>Inspirations<\/strong><\/p>\n<\/div>\n\n\n\n<div class=\"wp-block-column is-layout-flow wp-block-column-is-layout-flow\" style=\"flex-basis:50%\">\n<hr class=\"wp-block-separator has-text-color has-css-opacity has-background is-style-wide\" style=\"background-color:#000000;color:#000000\"\/>\n<\/div>\n<\/div>\n\n\n\n<div class=\"wp-block-columns alignwide is-layout-flex wp-container-core-columns-is-layout-9d6595d7 wp-block-columns-is-layout-flex\">\n<div class=\"wp-block-column is-layout-flow wp-block-column-is-layout-flow\"><\/div>\n\n\n\n<div class=\"wp-block-column is-layout-flow wp-block-column-is-layout-flow\">\n<p class=\"has-neve-text-color-color has-text-color has-extra-small-font-size\">Prendre son temps, est une subversion du quotidien. Anachronique dans un monde privil\u00e9giant la vitesse, la&nbsp;<strong>marche<\/strong>&nbsp;est un acte de r\u00e9sistance c\u00e9l\u00e9brant la lenteur, la disponibilit\u00e9, le silence, la curiosit\u00e9, l&rsquo;inutile autant de valeurs oppos\u00e9es aux sensibilit\u00e9s n\u00e9olib\u00e9rales qui conditionnent nos vies. Le&nbsp;<strong>marcheur<\/strong>&nbsp;est celui qui prend son temps et ne laisse pas le temps le prendre.<\/p>\n\n\n\n<p class=\"has-neve-text-color-color has-text-color\"><strong>Marcher<\/strong>, c&rsquo;est prendre le temps de vivre, de regarder, d&rsquo;ouvrir ses sens \u00e0 la diversit\u00e9 et de sentir les minutes et les heures glisser sur la peau. Quand le corps accepte sa peine, respiration et mouvement s&rsquo;allient, lib\u00e9rant ainsi la pens\u00e9e qui toute enti\u00e8re s&rsquo;enveloppe du pr\u00e9sent.<\/p>\n<\/div>\n\n\n\n<div class=\"wp-block-column is-layout-flow wp-block-column-is-layout-flow\">\n<p class=\"has-neve-text-color-color has-text-color has-extra-small-font-size\"><strong>Marcher<\/strong>, c&rsquo;est retrouver son instinct primitif, sa place et sa vraie position, son \u00e9quilibre mental et physique. C&rsquo;est aller avec soi, sans autre recours que ses jambes et sa t\u00eate. Sans autre moteur que celui du c\u0153ur, celui du moral.<\/p>\n\n\n\n<p class=\"has-neve-text-color-color has-text-color has-extra-small-font-size\">Randonneur,&nbsp;mon ami,&nbsp;partons sur les chemins<br>Quitte pour un instant, ce monde s\u00e9dentaire,<br>Va ton sac sur le dos et suis l\u2019itin\u00e9raire<br>Qui serpente en for\u00eat parmi les grands sapins.<\/p>\n<\/div>\n<\/div>\n\n\n\n<div style=\"height:31px\" aria-hidden=\"true\" class=\"wp-block-spacer\"><\/div>\n<\/div><\/div>\n\n\n\n<div style=\"height:38px\" aria-hidden=\"true\" class=\"wp-block-spacer\"><\/div>\n\n\n\n<div class=\"wp-block-media-text alignwide has-media-on-the-right is-stacked-on-mobile is-vertically-aligned-center is-image-fill-element has-nv-site-bg-background-color has-background has-small-font-size\" style=\"grid-template-columns:auto 23%\"><div class=\"wp-block-media-text__content\">\n<div class=\"wp-block-group\" style=\"padding-top:2em;padding-right:2em;padding-bottom:2em;padding-left:2em\"><div class=\"wp-block-group__inner-container is-layout-flow wp-block-group-is-layout-flow\">\n<p style=\"font-size:24px;line-height:1.2\"><strong>Si tu n\u2019arrives pas \u00e0 penser, marche; si tu penses trop, marche; si tu penses mal, marche encore.\u00a0<\/strong><\/p>\n\n\n\n<p class=\"has-extra-small-font-size\">\u2013 Jean Giono<\/p>\n<\/div><\/div>\n<\/div><figure class=\"wp-block-media-text__media\"><img loading=\"lazy\" decoding=\"async\" width=\"1024\" height=\"768\" src=\"http:\/\/lescheminsdetoto.fr\/wp-content\/uploads\/2023\/08\/IMG_8876-1024x768.jpg\" alt=\"\" class=\"wp-image-76 size-full\" style=\"object-position:50% 50%\" srcset=\"https:\/\/lescheminsdetoto.fr\/wp-content\/uploads\/2023\/08\/IMG_8876-1024x768.jpg 1024w, https:\/\/lescheminsdetoto.fr\/wp-content\/uploads\/2023\/08\/IMG_8876-300x225.jpg 300w, https:\/\/lescheminsdetoto.fr\/wp-content\/uploads\/2023\/08\/IMG_8876-768x576.jpg 768w, https:\/\/lescheminsdetoto.fr\/wp-content\/uploads\/2023\/08\/IMG_8876-1536x1152.jpg 1536w, https:\/\/lescheminsdetoto.fr\/wp-content\/uploads\/2023\/08\/IMG_8876-2048x1536.jpg 2048w\" sizes=\"auto, (max-width: 1024px) 100vw, 1024px\" \/><\/figure><\/div>\n\n\n\n<div class=\"wp-block-media-text alignwide is-stacked-on-mobile has-nv-site-bg-background-color has-background has-small-font-size\" style=\"grid-template-columns:18% auto\"><figure class=\"wp-block-media-text__media\"><img loading=\"lazy\" decoding=\"async\" width=\"895\" height=\"852\" src=\"http:\/\/lescheminsdetoto.fr\/wp-content\/uploads\/2023\/08\/lonely-mountain.png\" alt=\"\" class=\"wp-image-89 size-medium\" srcset=\"https:\/\/lescheminsdetoto.fr\/wp-content\/uploads\/2023\/08\/lonely-mountain.png 895w, https:\/\/lescheminsdetoto.fr\/wp-content\/uploads\/2023\/08\/lonely-mountain-300x286.png 300w, https:\/\/lescheminsdetoto.fr\/wp-content\/uploads\/2023\/08\/lonely-mountain-768x731.png 768w\" sizes=\"auto, (max-width: 895px) 100vw, 895px\" \/><\/figure><div class=\"wp-block-media-text__content\">\n<div class=\"wp-block-group\" style=\"padding-top:2em;padding-right:2em;padding-bottom:2em;padding-left:2em\"><div class=\"wp-block-group__inner-container is-layout-constrained wp-container-core-group-is-layout-19f38858 wp-block-group-is-layout-constrained\">\n<p style=\"font-size:24px;line-height:1.2\"><strong>La montagne est d\u00e9concertante. Son paysage est pliss\u00e9 et secret. Les mots et les habitudes butent sur le passage des cols.<\/strong><\/p>\n\n\n\n<p class=\"has-extra-small-font-size\">\u2013 Jason Goodwin<\/p>\n<\/div><\/div>\n<\/div><\/div>\n\n\n\n<div style=\"height:38px\" aria-hidden=\"true\" class=\"wp-block-spacer\"><\/div>\n","protected":false},"excerpt":{"rendered":"<p>Inspirations Prendre son temps, est une subversion du quotidien. Anachronique dans un monde privil\u00e9giant la vitesse, la&nbsp;marche&nbsp;est un acte de r\u00e9sistance c\u00e9l\u00e9brant la lenteur, la disponibilit\u00e9, le silence, la curiosit\u00e9, l&rsquo;inutile autant de valeurs oppos\u00e9es aux sensibilit\u00e9s n\u00e9olib\u00e9rales qui conditionnent nos vies. Le&nbsp;marcheur&nbsp;est celui qui prend son temps et ne laisse pas le temps le&hellip;&nbsp;<a href=\"https:\/\/lescheminsdetoto.fr\/\" class=\"\" rel=\"bookmark\">Lire la suite &raquo;<span class=\"screen-reader-text\"><\/span><\/a><\/p>\n","protected":false},"author":1,"featured_media":15,"parent":0,"menu_order":0,"comment_status":"closed","ping_status":"closed","template":"page-templates\/template-pagebuilder-full-width.php","meta":{"neve_meta_sidebar":"","neve_meta_container":"","neve_meta_enable_content_width":"","neve_meta_content_width":0,"neve_meta_title_alignment":"","neve_meta_author_avatar":"","neve_post_elements_order":"","neve_meta_disable_header":"","neve_meta_disable_footer":"","neve_meta_disable_title":"","footnotes":""},"class_list":["post-27","page","type-page","status-publish","has-post-thumbnail","hentry"],"_links":{"self":[{"href":"https:\/\/lescheminsdetoto.fr\/index.php\/wp-json\/wp\/v2\/pages\/27","targetHints":{"allow":["GET"]}}],"collection":[{"href":"https:\/\/lescheminsdetoto.fr\/index.php\/wp-json\/wp\/v2\/pages"}],"about":[{"href":"https:\/\/lescheminsdetoto.fr\/index.php\/wp-json\/wp\/v2\/types\/page"}],"author":[{"embeddable":true,"href":"https:\/\/lescheminsdetoto.fr\/index.php\/wp-json\/wp\/v2\/users\/1"}],"replies":[{"embeddable":true,"href":"https:\/\/lescheminsdetoto.fr\/index.php\/wp-json\/wp\/v2\/comments?post=27"}],"version-history":[{"count":18,"href":"https:\/\/lescheminsdetoto.fr\/index.php\/wp-json\/wp\/v2\/pages\/27\/revisions"}],"predecessor-version":[{"id":98,"href":"https:\/\/lescheminsdetoto.fr\/index.php\/wp-json\/wp\/v2\/pages\/27\/revisions\/98"}],"wp:featuredmedia":[{"embeddable":true,"href":"https:\/\/lescheminsdetoto.fr\/index.php\/wp-json\/wp\/v2\/media\/15"}],"wp:attachment":[{"href":"https:\/\/lescheminsdetoto.fr\/index.php\/wp-json\/wp\/v2\/media?parent=27"}],"curies":[{"name":"wp","href":"https:\/\/api.w.org\/{rel}","templated":true}]}}